{"id":74,"date":"2024-05-27T19:00:02","date_gmt":"2024-05-27T17:00:02","guid":{"rendered":"https:\/\/www.viva-la-vida.eu\/?page_id=74"},"modified":"2024-06-15T13:43:24","modified_gmt":"2024-06-15T11:43:24","slug":"kontakt-impressum","status":"publish","type":"page","link":"https:\/\/www.viva-la-vida.eu\/index.php\/kontakt-impressum\/","title":{"rendered":"Kontakt &amp; Impressum"},"content":{"rendered":"\n<div class=\"wp-block-group alignfull has-global-padding is-layout-constrained wp-container-core-group-is-layout-a151063b wp-block-group-is-layout-constrained has-background\" style=\"padding-top:var(--wp--preset--spacing--50);padding-right:var(--wp--preset--spacing--40);padding-bottom:var(--wp--preset--spacing--50);padding-left:var(--wp--preset--spacing--40);background-image:url(&apos;https:\/\/www.viva-la-vida.eu\/wp-content\/uploads\/2024\/05\/malende_hand_klein-scaled.jpg&apos;);background-position:49% 28.999999999999996%;background-repeat:no-repeat;background-size:auto;\">\n<h2 class=\"wp-block-heading has-text-align-center has-base-2-color has-text-color has-link-color wp-elements-05299c7bc19a85aacfacb2f9bbfda9bc\">\u201eDie Kunst ist eine Vermittlerin des Unaussprechlichen\u201c<\/h2>\n\n\n\n<p class=\"has-text-align-center has-base-2-color has-text-color has-link-color wp-elements-cafe4df66db21457e4ce3137716606e8\"><em>Johann Wolfgang von Goethe<\/em><\/p>\n<\/div>\n\n\n\n<h2 class=\"wp-block-heading\">Terminvereinbarung<\/h2>\n\n\n\n<div class=\"wp-block-columns is-layout-flex wp-container-core-columns-is-layout-28f84493 wp-block-columns-is-layout-flex\">\n<div class=\"wp-block-column is-layout-flow wp-block-column-is-layout-flow\">\n<p><strong>Termine nur nach Vereinbarung. <\/strong>Kontaktieren Sie mich per E-Mail oder telefonisch. Falls der Anrufbeantworter schneller ist als ich, hinterlassen Sie bitte Ihren Namen und Ihre Telefonnummer. Ich rufe baldm\u00f6glichst zur\u00fcck.<\/p>\n<\/div>\n\n\n\n<div class=\"wp-block-column is-layout-flow wp-block-column-is-layout-flow\">\n<h6 class=\"wp-block-heading\"><strong>E-MAIL<\/strong><\/h6>\n\n\n\n<p>coaching.reiner@gmail.com<\/p>\n\n\n\n<h6 class=\"wp-block-heading\"><strong>SPRECHSTUNDE<\/strong><\/h6>\n\n\n\n<p>Montag: 12 &#8211; 13 Uhr<br><strong>T:<\/strong> +49 176 800 499 04<\/p>\n<\/div>\n<\/div>\n\n\n\n<div class=\"wp-block-group alignfull has-global-padding is-layout-constrained wp-block-group-is-layout-constrained\">\n<div class=\"wp-block-columns is-layout-flex wp-container-core-columns-is-layout-28f84493 wp-block-columns-is-layout-flex\">\n<div class=\"wp-block-column is-layout-flow wp-block-column-is-layout-flow\">\n<h3 class=\"wp-block-heading\">Impressum<\/h3>\n\n\n\n<h5 class=\"wp-block-heading\"><strong>Angaben gem\u00e4\u00df \u00a7 5 TMG<\/strong><\/h5>\n\n\n\n<p><strong>Virginia Reiner<\/strong> &#8211; creative coaching<br><em>Kunsttherapeutin, M.A.<\/em><em><br><\/em>Deutz-M\u00fclheimer Str. 183<br>51063 K\u00f6ln<br><strong>Kontakt<\/strong><strong><br><\/strong>Telefon: +49 176 800 499 04<br>E-Mail: coaching.reiner@gmail.com<\/p>\n\n\n\n<p><em>Quelle: https:\/\/www.e-recht24.de<\/em><\/p>\n<\/div>\n\n\n\n<div class=\"wp-block-column is-layout-flow wp-block-column-is-layout-flow\">\n<h3 class=\"wp-block-heading\">Urheberrechtshinweis<\/h3>\n\n\n\n<p>Das Werk einschlie\u00dflich aller seiner Teile ist urheberrechtlich gesch\u00fctzt. Jede Verwertung au\u00dferhalb der engen Grenzen des Urheberrechtsgesetzes ist ohne Zustimmung unzul\u00e4ssig und strafbar. Dies gilt insbesondere f\u00fcr Vervielf\u00e4ltigungen, \u00dcbersetzungen, Mikroverfilmungen und die Einspeicherung und Verarbeitung in elektronischen Systemen.<\/p>\n\n\n\n<p>Konzept und Umsetzung f\u00fcr Logo und Website von Virginia Reiner. Alle Rechte vorbehalten.<br>Fotos: Bela Brennecke. Alle Rechte vorbehalten.<\/p>\n\n\n\n<h4 class=\"wp-block-heading\"><strong>Haftungsausschluss<\/strong><\/h4>\n\n\n\n<p>Trotz sorgf\u00e4ltiger inhaltlicher Kontrolle \u00fcbernehme ich keine Haftung f\u00fcr die Inhalte externer Links. F\u00fcr den Inhalt der verlinkten Seiten sind ausschlie\u00dflich deren Betreiber verantwortlich.<\/p>\n<\/div>\n<\/div>\n<\/div>\n","protected":false},"excerpt":{"rendered":"<p>\u201eDie Kunst ist eine Vermittlerin des Unaussprechlichen\u201c Johann Wolfgang von Goethe Terminvereinbarung Termine nur nach Vereinbarung. Kontaktieren Sie mich per E-Mail oder telefonisch. Falls der Anrufbeantworter schneller ist als ich, hinterlassen Sie bitte Ihren Namen und Ihre Telefonnummer. Ich rufe baldm\u00f6glichst zur\u00fcck. E-MAIL coaching.reiner@gmail.com SPRECHSTUNDE Montag: 12 &#8211; 13 UhrT: +49 176 800 499 04 [&hellip;]<\/p>\n","protected":false},"author":1,"featured_media":0,"parent":0,"menu_order":0,"comment_status":"closed","ping_status":"closed","template":"page-no-title","meta":{"footnotes":""},"class_list":["post-74","page","type-page","status-publish","hentry"],"yoast_head":"<!-- This site is optimized with the Yoast SEO plugin v24.4 - https:\/\/yoast.com\/wordpress\/plugins\/seo\/ -->\n<title>Kontakt &amp; Impressum - Virginia Reiner<\/title>\n<meta name=\"description\" content=\"Virginia Reiner creative coaching mit Kunsttherapie f\u00fcr Stressreduktion, Resilienz und Verbesserung der Lebensqualit\u00e4t. Begleiten Sie Ver\u00e4nderungen im pers\u00f6nlichen und beruflichen Bereich mit Kreativit\u00e4t in K\u00f6ln.\" \/>\n<meta name=\"robots\" content=\"index, follow, max-snippet:-1, max-image-preview:large, max-video-preview:-1\" \/>\n<link rel=\"canonical\" href=\"https:\/\/www.viva-la-vida.eu\/index.php\/kontakt-impressum\/\" \/>\n<meta property=\"og:locale\" content=\"de_DE\" \/>\n<meta property=\"og:type\" content=\"article\" \/>\n<meta property=\"og:title\" content=\"Kontakt &amp; Impressum - Virginia Reiner\" \/>\n<meta property=\"og:description\" content=\"Virginia Reiner creative coaching mit Kunsttherapie f\u00fcr Stressreduktion, Resilienz und Verbesserung der Lebensqualit\u00e4t. Begleiten Sie Ver\u00e4nderungen im pers\u00f6nlichen und beruflichen Bereich mit Kreativit\u00e4t in K\u00f6ln.\" \/>\n<meta property=\"og:url\" content=\"https:\/\/www.viva-la-vida.eu\/index.php\/kontakt-impressum\/\" \/>\n<meta property=\"og:site_name\" content=\"Virginia Reiner\" \/>\n<meta property=\"article:publisher\" content=\"https:\/\/www.instagram.com\/creative_coaching_reiner\/\" \/>\n<meta property=\"article:modified_time\" content=\"2024-06-15T11:43:24+00:00\" \/>\n<meta name=\"twitter:card\" content=\"summary_large_image\" \/>\n<meta name=\"twitter:label1\" content=\"Gesch\u00e4tzte Lesezeit\" \/>\n\t<meta name=\"twitter:data1\" content=\"1\u00a0Minute\" \/>\n<script type=\"application\/ld+json\" class=\"yoast-schema-graph\">{\"@context\":\"https:\/\/schema.org\",\"@graph\":[{\"@type\":\"WebPage\",\"@id\":\"https:\/\/www.viva-la-vida.eu\/index.php\/kontakt-impressum\/\",\"url\":\"https:\/\/www.viva-la-vida.eu\/index.php\/kontakt-impressum\/\",\"name\":\"Kontakt &amp; Impressum - Virginia Reiner\",\"isPartOf\":{\"@id\":\"https:\/\/www.viva-la-vida.eu\/#website\"},\"datePublished\":\"2024-05-27T17:00:02+00:00\",\"dateModified\":\"2024-06-15T11:43:24+00:00\",\"description\":\"Virginia Reiner creative coaching mit Kunsttherapie f\u00fcr Stressreduktion, Resilienz und Verbesserung der Lebensqualit\u00e4t. Begleiten Sie Ver\u00e4nderungen im pers\u00f6nlichen und beruflichen Bereich mit Kreativit\u00e4t in K\u00f6ln.\",\"breadcrumb\":{\"@id\":\"https:\/\/www.viva-la-vida.eu\/index.php\/kontakt-impressum\/#breadcrumb\"},\"inLanguage\":\"de\",\"potentialAction\":[{\"@type\":\"ReadAction\",\"target\":[\"https:\/\/www.viva-la-vida.eu\/index.php\/kontakt-impressum\/\"]}]},{\"@type\":\"BreadcrumbList\",\"@id\":\"https:\/\/www.viva-la-vida.eu\/index.php\/kontakt-impressum\/#breadcrumb\",\"itemListElement\":[{\"@type\":\"ListItem\",\"position\":1,\"name\":\"Startseite\",\"item\":\"https:\/\/www.viva-la-vida.eu\/\"},{\"@type\":\"ListItem\",\"position\":2,\"name\":\"Kontakt &amp; Impressum\"}]},{\"@type\":\"WebSite\",\"@id\":\"https:\/\/www.viva-la-vida.eu\/#website\",\"url\":\"https:\/\/www.viva-la-vida.eu\/\",\"name\":\"Virginia Reiner\",\"description\":\"creative coaching\",\"publisher\":{\"@id\":\"https:\/\/www.viva-la-vida.eu\/#organization\"},\"potentialAction\":[{\"@type\":\"SearchAction\",\"target\":{\"@type\":\"EntryPoint\",\"urlTemplate\":\"https:\/\/www.viva-la-vida.eu\/?s={search_term_string}\"},\"query-input\":{\"@type\":\"PropertyValueSpecification\",\"valueRequired\":true,\"valueName\":\"search_term_string\"}}],\"inLanguage\":\"de\"},{\"@type\":\"Organization\",\"@id\":\"https:\/\/www.viva-la-vida.eu\/#organization\",\"name\":\"Virginia Reiner\",\"url\":\"https:\/\/www.viva-la-vida.eu\/\",\"logo\":{\"@type\":\"ImageObject\",\"inLanguage\":\"de\",\"@id\":\"https:\/\/www.viva-la-vida.eu\/#\/schema\/logo\/image\/\",\"url\":\"https:\/\/www.viva-la-vida.eu\/wp-content\/uploads\/2024\/05\/webicon.jpg\",\"contentUrl\":\"https:\/\/www.viva-la-vida.eu\/wp-content\/uploads\/2024\/05\/webicon.jpg\",\"width\":512,\"height\":512,\"caption\":\"Virginia Reiner\"},\"image\":{\"@id\":\"https:\/\/www.viva-la-vida.eu\/#\/schema\/logo\/image\/\"},\"sameAs\":[\"https:\/\/www.instagram.com\/creative_coaching_reiner\/\"]}]}<\/script>\n<!-- \/ Yoast SEO plugin. -->","yoast_head_json":{"title":"Kontakt &amp; Impressum - Virginia Reiner","description":"Virginia Reiner creative coaching mit Kunsttherapie f\u00fcr Stressreduktion, Resilienz und Verbesserung der Lebensqualit\u00e4t. Begleiten Sie Ver\u00e4nderungen im pers\u00f6nlichen und beruflichen Bereich mit Kreativit\u00e4t in K\u00f6ln.","robots":{"index":"index","follow":"follow","max-snippet":"max-snippet:-1","max-image-preview":"max-image-preview:large","max-video-preview":"max-video-preview:-1"},"canonical":"https:\/\/www.viva-la-vida.eu\/index.php\/kontakt-impressum\/","og_locale":"de_DE","og_type":"article","og_title":"Kontakt &amp; Impressum - Virginia Reiner","og_description":"Virginia Reiner creative coaching mit Kunsttherapie f\u00fcr Stressreduktion, Resilienz und Verbesserung der Lebensqualit\u00e4t. Begleiten Sie Ver\u00e4nderungen im pers\u00f6nlichen und beruflichen Bereich mit Kreativit\u00e4t in K\u00f6ln.","og_url":"https:\/\/www.viva-la-vida.eu\/index.php\/kontakt-impressum\/","og_site_name":"Virginia Reiner","article_publisher":"https:\/\/www.instagram.com\/creative_coaching_reiner\/","article_modified_time":"2024-06-15T11:43:24+00:00","twitter_card":"summary_large_image","twitter_misc":{"Gesch\u00e4tzte Lesezeit":"1\u00a0Minute"},"schema":{"@context":"https:\/\/schema.org","@graph":[{"@type":"WebPage","@id":"https:\/\/www.viva-la-vida.eu\/index.php\/kontakt-impressum\/","url":"https:\/\/www.viva-la-vida.eu\/index.php\/kontakt-impressum\/","name":"Kontakt &amp; Impressum - Virginia Reiner","isPartOf":{"@id":"https:\/\/www.viva-la-vida.eu\/#website"},"datePublished":"2024-05-27T17:00:02+00:00","dateModified":"2024-06-15T11:43:24+00:00","description":"Virginia Reiner creative coaching mit Kunsttherapie f\u00fcr Stressreduktion, Resilienz und Verbesserung der Lebensqualit\u00e4t. Begleiten Sie Ver\u00e4nderungen im pers\u00f6nlichen und beruflichen Bereich mit Kreativit\u00e4t in K\u00f6ln.","breadcrumb":{"@id":"https:\/\/www.viva-la-vida.eu\/index.php\/kontakt-impressum\/#breadcrumb"},"inLanguage":"de","potentialAction":[{"@type":"ReadAction","target":["https:\/\/www.viva-la-vida.eu\/index.php\/kontakt-impressum\/"]}]},{"@type":"BreadcrumbList","@id":"https:\/\/www.viva-la-vida.eu\/index.php\/kontakt-impressum\/#breadcrumb","itemListElement":[{"@type":"ListItem","position":1,"name":"Startseite","item":"https:\/\/www.viva-la-vida.eu\/"},{"@type":"ListItem","position":2,"name":"Kontakt &amp; Impressum"}]},{"@type":"WebSite","@id":"https:\/\/www.viva-la-vida.eu\/#website","url":"https:\/\/www.viva-la-vida.eu\/","name":"Virginia Reiner","description":"creative coaching","publisher":{"@id":"https:\/\/www.viva-la-vida.eu\/#organization"},"potentialAction":[{"@type":"SearchAction","target":{"@type":"EntryPoint","urlTemplate":"https:\/\/www.viva-la-vida.eu\/?s={search_term_string}"},"query-input":{"@type":"PropertyValueSpecification","valueRequired":true,"valueName":"search_term_string"}}],"inLanguage":"de"},{"@type":"Organization","@id":"https:\/\/www.viva-la-vida.eu\/#organization","name":"Virginia Reiner","url":"https:\/\/www.viva-la-vida.eu\/","logo":{"@type":"ImageObject","inLanguage":"de","@id":"https:\/\/www.viva-la-vida.eu\/#\/schema\/logo\/image\/","url":"https:\/\/www.viva-la-vida.eu\/wp-content\/uploads\/2024\/05\/webicon.jpg","contentUrl":"https:\/\/www.viva-la-vida.eu\/wp-content\/uploads\/2024\/05\/webicon.jpg","width":512,"height":512,"caption":"Virginia Reiner"},"image":{"@id":"https:\/\/www.viva-la-vida.eu\/#\/schema\/logo\/image\/"},"sameAs":["https:\/\/www.instagram.com\/creative_coaching_reiner\/"]}]}},"_links":{"self":[{"href":"https:\/\/www.viva-la-vida.eu\/index.php\/wp-json\/wp\/v2\/pages\/74","targetHints":{"allow":["GET"]}}],"collection":[{"href":"https:\/\/www.viva-la-vida.eu\/index.php\/wp-json\/wp\/v2\/pages"}],"about":[{"href":"https:\/\/www.viva-la-vida.eu\/index.php\/wp-json\/wp\/v2\/types\/page"}],"author":[{"embeddable":true,"href":"https:\/\/www.viva-la-vida.eu\/index.php\/wp-json\/wp\/v2\/users\/1"}],"replies":[{"embeddable":true,"href":"https:\/\/www.viva-la-vida.eu\/index.php\/wp-json\/wp\/v2\/comments?post=74"}],"version-history":[{"count":6,"href":"https:\/\/www.viva-la-vida.eu\/index.php\/wp-json\/wp\/v2\/pages\/74\/revisions"}],"predecessor-version":[{"id":393,"href":"https:\/\/www.viva-la-vida.eu\/index.php\/wp-json\/wp\/v2\/pages\/74\/revisions\/393"}],"wp:attachment":[{"href":"https:\/\/www.viva-la-vida.eu\/index.php\/wp-json\/wp\/v2\/media?parent=74"}],"curies":[{"name":"wp","href":"https:\/\/api.w.org\/{rel}","templated":true}]}}