{"id":292,"date":"2024-06-02T16:04:22","date_gmt":"2024-06-02T14:04:22","guid":{"rendered":"https:\/\/www.viva-la-vida.eu\/?page_id=292"},"modified":"2025-02-09T10:30:26","modified_gmt":"2025-02-09T09:30:26","slug":"aktuelles","status":"publish","type":"page","link":"https:\/\/www.viva-la-vida.eu\/index.php\/aktuelles\/","title":{"rendered":"Aktuelles"},"content":{"rendered":"<h1 style=\"padding-right:var(--wp--preset--spacing--20);padding-left:var(--wp--preset--spacing--20);\" class=\"wp-block-post-title\">Aktuelles<\/h1>\n\n\n<div class=\"wp-block-query alignwide has-global-padding is-layout-constrained wp-block-query-is-layout-constrained\">\n\n\n<div class=\"wp-block-group alignwide has-global-padding is-layout-constrained wp-container-core-group-is-layout-c4b51024 wp-block-group-is-layout-constrained\" style=\"margin-top:0;margin-bottom:0;padding-top:var(--wp--preset--spacing--10);padding-right:0;padding-bottom:var(--wp--preset--spacing--10);padding-left:0\"><ul class=\"columns-3 alignfull wp-block-post-template is-layout-grid wp-container-core-post-template-is-layout-2d080239 wp-block-post-template-is-layout-grid\"><li class=\"wp-block-post post-440 post type-post status-publish format-standard has-post-thumbnail hentry category-aktuelles category-workshops tag-entspannen tag-gestalten tag-kreativitaet tag-kunst tag-kunsttherapie tag-malen tag-stressabbau\">\n\n<div class=\"wp-block-group is-vertical is-nowrap is-layout-flex wp-container-core-group-is-layout-97ba36a5 wp-block-group-is-layout-flex\" style=\"margin-top:var(--wp--preset--spacing--20);padding-top:0\">\n<div class=\"wp-block-cover has-aspect-ratio\" style=\"border-radius:10px;aspect-ratio:4\/3;min-height:unset;\"><span aria-hidden=\"true\" class=\"wp-block-cover__background has-contrast-background-color has-background-dim\"><\/span><img loading=\"lazy\" decoding=\"async\" width=\"1265\" height=\"1686\" src=\"https:\/\/www.viva-la-vida.eu\/wp-content\/uploads\/2024\/12\/WhatsApp-Image-2024-04-14-at-17.43.02-1-edited.jpeg\" class=\"wp-block-cover__image-background wp-post-image\" alt=\"\" data-object-fit=\"cover\" srcset=\"https:\/\/www.viva-la-vida.eu\/wp-content\/uploads\/2024\/12\/WhatsApp-Image-2024-04-14-at-17.43.02-1-edited.jpeg 1265w, https:\/\/www.viva-la-vida.eu\/wp-content\/uploads\/2024\/12\/WhatsApp-Image-2024-04-14-at-17.43.02-1-edited-225x300.jpeg 225w, https:\/\/www.viva-la-vida.eu\/wp-content\/uploads\/2024\/12\/WhatsApp-Image-2024-04-14-at-17.43.02-1-edited-768x1024.jpeg 768w, https:\/\/www.viva-la-vida.eu\/wp-content\/uploads\/2024\/12\/WhatsApp-Image-2024-04-14-at-17.43.02-1-edited-1152x1536.jpeg 1152w\" sizes=\"auto, (max-width: 1265px) 100vw, 1265px\" \/><div class=\"wp-block-cover__inner-container has-global-padding is-layout-constrained wp-block-cover-is-layout-constrained\"><h3 class=\"has-text-align-center wp-block-post-title has-large-font-size has-heading-font-family wp-container-content-32e3a40d\">Freie Gestaltung &#8211; Gruppe I\/2025<\/h3><\/div><\/div>\n\n\n<div class=\"wp-elements-ff947e1a3d7966e325bc55b3fd0a0e56 wp-block-post-excerpt has-small-font-size wp-container-content-32e3a40d\"><p class=\"wp-block-post-excerpt__excerpt\">Ausdruck finden In entspannter und inspirierender Atmosph\u00e4re k\u00f6nnen Sie mit Ihren individuellen Themen, Erfahrungen und W\u00fcnschen in Verbindung gehen&hellip;<\/p><p class=\"wp-block-post-excerpt__more-text\"><a class=\"wp-block-post-excerpt__more-link\" href=\"https:\/\/www.viva-la-vida.eu\/index.php\/freies-atelier-gruppe-i-2025\/\">Weiterlesen<\/a><\/p><\/div>\n\n\n<div style=\"height:0px\" aria-hidden=\"true\" class=\"wp-block-spacer wp-container-content-32e3a40d\"><\/div>\n<\/div>\n\n<\/li><li class=\"wp-block-post post-424 post type-post status-publish format-standard has-post-thumbnail hentry category-aktuelles category-workshops tag-entspannen tag-gestalten tag-kreativitaet tag-kunst tag-kunsttherapie tag-malen tag-stressabbau\">\n\n<div class=\"wp-block-group is-vertical is-nowrap is-layout-flex wp-container-core-group-is-layout-97ba36a5 wp-block-group-is-layout-flex\" style=\"margin-top:var(--wp--preset--spacing--20);padding-top:0\">\n<div class=\"wp-block-cover has-aspect-ratio\" style=\"border-radius:10px;aspect-ratio:4\/3;min-height:unset;\"><span aria-hidden=\"true\" class=\"wp-block-cover__background has-contrast-background-color has-background-dim\"><\/span><img loading=\"lazy\" decoding=\"async\" width=\"1920\" height=\"2560\" src=\"https:\/\/www.viva-la-vida.eu\/wp-content\/uploads\/2024\/09\/IMG_8691-scaled.jpg\" class=\"wp-block-cover__image-background wp-post-image\" alt=\"\" data-object-fit=\"cover\" srcset=\"https:\/\/www.viva-la-vida.eu\/wp-content\/uploads\/2024\/09\/IMG_8691-scaled.jpg 1920w, https:\/\/www.viva-la-vida.eu\/wp-content\/uploads\/2024\/09\/IMG_8691-225x300.jpg 225w, https:\/\/www.viva-la-vida.eu\/wp-content\/uploads\/2024\/09\/IMG_8691-768x1024.jpg 768w, https:\/\/www.viva-la-vida.eu\/wp-content\/uploads\/2024\/09\/IMG_8691-1152x1536.jpg 1152w, https:\/\/www.viva-la-vida.eu\/wp-content\/uploads\/2024\/09\/IMG_8691-1536x2048.jpg 1536w\" sizes=\"auto, (max-width: 1920px) 100vw, 1920px\" \/><div class=\"wp-block-cover__inner-container has-global-padding is-layout-constrained wp-block-cover-is-layout-constrained\"><h3 class=\"has-text-align-center wp-block-post-title has-large-font-size has-heading-font-family wp-container-content-32e3a40d\">Folge deinem Bauchgef\u00fchl! Intuitives Malen<\/h3><\/div><\/div>\n\n\n<div class=\"wp-elements-ff947e1a3d7966e325bc55b3fd0a0e56 wp-block-post-excerpt has-small-font-size wp-container-content-32e3a40d\"><p class=\"wp-block-post-excerpt__excerpt\">Malen ist das Ziel! Dieser Workshop bietet die Gelegenheit, die wunderbare Methode des Intuitiven Malens in einer kleinen Gruppe&hellip;<\/p><p class=\"wp-block-post-excerpt__more-text\"><a class=\"wp-block-post-excerpt__more-link\" href=\"https:\/\/www.viva-la-vida.eu\/index.php\/folge-deinem-bauchgefuehl-intuitives-malen\/\">Weiterlesen<\/a><\/p><\/div>\n\n\n<div style=\"height:0px\" aria-hidden=\"true\" class=\"wp-block-spacer wp-container-content-32e3a40d\"><\/div>\n<\/div>\n\n<\/li><li class=\"wp-block-post post-422 post type-post status-publish format-standard has-post-thumbnail hentry category-aktuelles category-workshops tag-entspannen tag-gestalten tag-kreativitaet tag-kunst tag-kunsttherapie tag-malen tag-stressabbau\">\n\n<div class=\"wp-block-group is-vertical is-nowrap is-layout-flex wp-container-core-group-is-layout-97ba36a5 wp-block-group-is-layout-flex\" style=\"margin-top:var(--wp--preset--spacing--20);padding-top:0\">\n<div class=\"wp-block-cover has-aspect-ratio\" style=\"border-radius:10px;aspect-ratio:4\/3;min-height:unset;\"><span aria-hidden=\"true\" class=\"wp-block-cover__background has-contrast-background-color has-background-dim\"><\/span><img loading=\"lazy\" decoding=\"async\" width=\"1440\" height=\"1800\" src=\"https:\/\/www.viva-la-vida.eu\/wp-content\/uploads\/2024\/09\/aquarell_blumen_ostsee.jpg\" class=\"wp-block-cover__image-background wp-post-image\" alt=\"\" data-object-fit=\"cover\" srcset=\"https:\/\/www.viva-la-vida.eu\/wp-content\/uploads\/2024\/09\/aquarell_blumen_ostsee.jpg 1440w, https:\/\/www.viva-la-vida.eu\/wp-content\/uploads\/2024\/09\/aquarell_blumen_ostsee-240x300.jpg 240w, https:\/\/www.viva-la-vida.eu\/wp-content\/uploads\/2024\/09\/aquarell_blumen_ostsee-819x1024.jpg 819w, https:\/\/www.viva-la-vida.eu\/wp-content\/uploads\/2024\/09\/aquarell_blumen_ostsee-768x960.jpg 768w, https:\/\/www.viva-la-vida.eu\/wp-content\/uploads\/2024\/09\/aquarell_blumen_ostsee-1229x1536.jpg 1229w\" sizes=\"auto, (max-width: 1440px) 100vw, 1440px\" \/><div class=\"wp-block-cover__inner-container has-global-padding is-layout-constrained wp-block-cover-is-layout-constrained\"><h3 class=\"has-text-align-center wp-block-post-title has-large-font-size has-heading-font-family wp-container-content-32e3a40d\">Mal was du willst! &#8211; Freies Atelier<\/h3><\/div><\/div>\n\n\n<div class=\"wp-elements-ff947e1a3d7966e325bc55b3fd0a0e56 wp-block-post-excerpt has-small-font-size wp-container-content-32e3a40d\"><p class=\"wp-block-post-excerpt__excerpt\">Raum, Zeit &amp; Material f\u00fcr Kreativit\u00e4t! An vier Terminen ist der eigenen Kreativit\u00e4t keine Grenzen gesetzt. Es kann im&hellip;<\/p><p class=\"wp-block-post-excerpt__more-text\"><a class=\"wp-block-post-excerpt__more-link\" href=\"https:\/\/www.viva-la-vida.eu\/index.php\/mal-was-du-willst-freies-atelier\/\">Weiterlesen<\/a><\/p><\/div>\n\n\n<div style=\"height:0px\" aria-hidden=\"true\" class=\"wp-block-spacer wp-container-content-32e3a40d\"><\/div>\n<\/div>\n\n<\/li><li class=\"wp-block-post post-294 post type-post status-publish format-standard has-post-thumbnail hentry category-aktuelles category-workshops\">\n\n<div class=\"wp-block-group is-vertical is-nowrap is-layout-flex wp-container-core-group-is-layout-97ba36a5 wp-block-group-is-layout-flex\" style=\"margin-top:var(--wp--preset--spacing--20);padding-top:0\">\n<div class=\"wp-block-cover has-aspect-ratio\" style=\"border-radius:10px;aspect-ratio:4\/3;min-height:unset;\"><span aria-hidden=\"true\" class=\"wp-block-cover__background has-contrast-background-color has-background-dim\"><\/span><img loading=\"lazy\" decoding=\"async\" width=\"1080\" height=\"1080\" src=\"https:\/\/www.viva-la-vida.eu\/wp-content\/uploads\/2024\/09\/standartdesign-Cc.jpeg\" class=\"wp-block-cover__image-background wp-post-image\" alt=\"\" data-object-fit=\"cover\" srcset=\"https:\/\/www.viva-la-vida.eu\/wp-content\/uploads\/2024\/09\/standartdesign-Cc.jpeg 1080w, https:\/\/www.viva-la-vida.eu\/wp-content\/uploads\/2024\/09\/standartdesign-Cc-300x300.jpeg 300w, https:\/\/www.viva-la-vida.eu\/wp-content\/uploads\/2024\/09\/standartdesign-Cc-1024x1024.jpeg 1024w, https:\/\/www.viva-la-vida.eu\/wp-content\/uploads\/2024\/09\/standartdesign-Cc-150x150.jpeg 150w, https:\/\/www.viva-la-vida.eu\/wp-content\/uploads\/2024\/09\/standartdesign-Cc-768x768.jpeg 768w\" sizes=\"auto, (max-width: 1080px) 100vw, 1080px\" \/><div class=\"wp-block-cover__inner-container has-global-padding is-layout-constrained wp-block-cover-is-layout-constrained\"><h3 class=\"has-text-align-center wp-block-post-title has-large-font-size has-heading-font-family wp-container-content-32e3a40d\">Resilienz &amp; Selbstf\u00fcrsorge mit Musik- &amp; Kunst. Workshop 05.10.24<\/h3><\/div><\/div>\n\n\n<div class=\"wp-elements-ff947e1a3d7966e325bc55b3fd0a0e56 wp-block-post-excerpt has-small-font-size wp-container-content-32e3a40d\"><p class=\"wp-block-post-excerpt__excerpt\">Workshop: Resilienz st\u00e4rken &amp; Selbstf\u00fcrsorge aktivieren. Innere Ressourcen f\u00fcr Alltag und Beruf Entdecken Sie mit Kunst- und Musiktherapie einen&hellip;<\/p><p class=\"wp-block-post-excerpt__more-text\"><a class=\"wp-block-post-excerpt__more-link\" href=\"https:\/\/www.viva-la-vida.eu\/index.php\/workshop\/\">Weiterlesen<\/a><\/p><\/div>\n\n\n<div style=\"height:0px\" aria-hidden=\"true\" class=\"wp-block-spacer wp-container-content-32e3a40d\"><\/div>\n<\/div>\n\n<\/li><li class=\"wp-block-post post-312 post type-post status-publish format-standard has-post-thumbnail hentry category-aktuelles category-workshops tag-gestalten tag-jga tag-kreativitaet tag-kunst tag-kunsttherapie tag-malen tag-team-event tag-teambuilding\">\n\n<div class=\"wp-block-group is-vertical is-nowrap is-layout-flex wp-container-core-group-is-layout-97ba36a5 wp-block-group-is-layout-flex\" style=\"margin-top:var(--wp--preset--spacing--20);padding-top:0\">\n<div class=\"wp-block-cover has-aspect-ratio\" style=\"border-radius:10px;aspect-ratio:4\/3;min-height:unset;\"><span aria-hidden=\"true\" class=\"wp-block-cover__background has-contrast-background-color has-background-dim\"><\/span><img loading=\"lazy\" decoding=\"async\" width=\"1417\" height=\"1063\" src=\"https:\/\/www.viva-la-vida.eu\/wp-content\/uploads\/2024\/05\/IMG_8360_nach_action_klein.jpeg\" class=\"wp-block-cover__image-background wp-post-image\" alt=\"\" data-object-fit=\"cover\" srcset=\"https:\/\/www.viva-la-vida.eu\/wp-content\/uploads\/2024\/05\/IMG_8360_nach_action_klein.jpeg 1417w, https:\/\/www.viva-la-vida.eu\/wp-content\/uploads\/2024\/05\/IMG_8360_nach_action_klein-300x225.jpeg 300w, https:\/\/www.viva-la-vida.eu\/wp-content\/uploads\/2024\/05\/IMG_8360_nach_action_klein-1024x768.jpeg 1024w, https:\/\/www.viva-la-vida.eu\/wp-content\/uploads\/2024\/05\/IMG_8360_nach_action_klein-768x576.jpeg 768w\" sizes=\"auto, (max-width: 1417px) 100vw, 1417px\" \/><div class=\"wp-block-cover__inner-container has-global-padding is-layout-constrained wp-block-cover-is-layout-constrained\"><h3 class=\"has-text-align-center wp-block-post-title has-large-font-size has-heading-font-family wp-container-content-32e3a40d\">Action Painting Team-Event<\/h3><\/div><\/div>\n\n\n<div class=\"wp-elements-ff947e1a3d7966e325bc55b3fd0a0e56 wp-block-post-excerpt has-small-font-size wp-container-content-32e3a40d\"><p class=\"wp-block-post-excerpt__excerpt\">Kreativit\u00e4t ohne Grenzen Action Painting ist eine in Amerika in den 1950er aus dem Abstrakten Expressionismus entstandene Kunstrichtung. Die&hellip;<\/p><p class=\"wp-block-post-excerpt__more-text\"><a class=\"wp-block-post-excerpt__more-link\" href=\"https:\/\/www.viva-la-vida.eu\/index.php\/action-painting\/\">Weiterlesen<\/a><\/p><\/div>\n\n\n<div style=\"height:0px\" aria-hidden=\"true\" class=\"wp-block-spacer wp-container-content-32e3a40d\"><\/div>\n<\/div>\n\n<\/li><li class=\"wp-block-post post-1 post type-post status-publish format-standard has-post-thumbnail hentry category-aktuelles category-uncategorized\">\n\n<div class=\"wp-block-group is-vertical is-nowrap is-layout-flex wp-container-core-group-is-layout-97ba36a5 wp-block-group-is-layout-flex\" style=\"margin-top:var(--wp--preset--spacing--20);padding-top:0\">\n<div class=\"wp-block-cover has-aspect-ratio\" style=\"border-radius:10px;aspect-ratio:4\/3;min-height:unset;\"><span aria-hidden=\"true\" class=\"wp-block-cover__background has-contrast-background-color has-background-dim\"><\/span><img loading=\"lazy\" decoding=\"async\" width=\"2560\" height=\"1901\" src=\"https:\/\/www.viva-la-vida.eu\/wp-content\/uploads\/2024\/06\/IMG-0011_horzzontal-scaled.jpeg\" class=\"wp-block-cover__image-background wp-post-image\" alt=\"\" data-object-fit=\"cover\" srcset=\"https:\/\/www.viva-la-vida.eu\/wp-content\/uploads\/2024\/06\/IMG-0011_horzzontal-scaled.jpeg 2560w, https:\/\/www.viva-la-vida.eu\/wp-content\/uploads\/2024\/06\/IMG-0011_horzzontal-300x223.jpeg 300w, https:\/\/www.viva-la-vida.eu\/wp-content\/uploads\/2024\/06\/IMG-0011_horzzontal-1024x760.jpeg 1024w, https:\/\/www.viva-la-vida.eu\/wp-content\/uploads\/2024\/06\/IMG-0011_horzzontal-768x570.jpeg 768w, https:\/\/www.viva-la-vida.eu\/wp-content\/uploads\/2024\/06\/IMG-0011_horzzontal-1536x1141.jpeg 1536w, https:\/\/www.viva-la-vida.eu\/wp-content\/uploads\/2024\/06\/IMG-0011_horzzontal-2048x1521.jpeg 2048w\" sizes=\"auto, (max-width: 2560px) 100vw, 2560px\" \/><div class=\"wp-block-cover__inner-container has-global-padding is-layout-constrained wp-block-cover-is-layout-constrained\"><h3 class=\"has-text-align-center wp-block-post-title has-large-font-size has-heading-font-family wp-container-content-32e3a40d\">&#8222;Offenes Atelier&#8220; in Mai &amp; Juni 24<\/h3><\/div><\/div>\n\n\n<div class=\"wp-elements-ff947e1a3d7966e325bc55b3fd0a0e56 wp-block-post-excerpt has-small-font-size wp-container-content-32e3a40d\"><p class=\"wp-block-post-excerpt__excerpt\">Raum und Zeit f\u00fcr Kreativit\u00e4t Bei diesen Terminen ist der eigenen Kreativit\u00e4t keine Grenzen gesetzt. Es kann ein Projekt&hellip;<\/p><p class=\"wp-block-post-excerpt__more-text\"><a class=\"wp-block-post-excerpt__more-link\" href=\"https:\/\/www.viva-la-vida.eu\/index.php\/offenes-atelier-2024\/\">Weiterlesen<\/a><\/p><\/div>\n\n\n<div style=\"height:0px\" aria-hidden=\"true\" class=\"wp-block-spacer wp-container-content-32e3a40d\"><\/div>\n<\/div>\n\n<\/li><\/ul>\n\n\n<div style=\"margin-top:0;margin-bottom:0;height:var(--wp--preset--spacing--20)\" aria-hidden=\"true\" class=\"wp-block-spacer\"><\/div>\n\n\n\n\n\n<div style=\"margin-top:0;margin-bottom:0;height:var(--wp--preset--spacing--20)\" aria-hidden=\"true\" class=\"wp-block-spacer\"><\/div>\n<\/div>\n<\/div>\n","protected":false},"excerpt":{"rendered":"","protected":false},"author":1,"featured_media":0,"parent":0,"menu_order":0,"comment_status":"closed","ping_status":"closed","template":"page-no-title","meta":{"footnotes":""},"class_list":["post-292","page","type-page","status-publish","hentry"],"yoast_head":"<!-- This site is optimized with the Yoast SEO plugin v24.4 - https:\/\/yoast.com\/wordpress\/plugins\/seo\/ -->\n<title>Aktuelles - Virginia Reiner<\/title>\n<meta name=\"description\" content=\"Virginia Reiner creative coaching mit Kunsttherapie f\u00fcr Stressreduktion, Resilienz und Verbesserung der Lebensqualit\u00e4t. Begleiten Sie Ver\u00e4nderungen im pers\u00f6nlichen und beruflichen Bereich mit Kreativit\u00e4t in K\u00f6ln.\" \/>\n<meta name=\"robots\" content=\"index, follow, max-snippet:-1, max-image-preview:large, max-video-preview:-1\" \/>\n<link rel=\"canonical\" href=\"https:\/\/www.viva-la-vida.eu\/index.php\/aktuelles\/\" \/>\n<meta property=\"og:locale\" content=\"de_DE\" \/>\n<meta property=\"og:type\" content=\"article\" \/>\n<meta property=\"og:title\" content=\"Aktuelles - Virginia Reiner\" \/>\n<meta property=\"og:description\" content=\"Virginia Reiner creative coaching mit Kunsttherapie f\u00fcr Stressreduktion, Resilienz und Verbesserung der Lebensqualit\u00e4t. Begleiten Sie Ver\u00e4nderungen im pers\u00f6nlichen und beruflichen Bereich mit Kreativit\u00e4t in K\u00f6ln.\" \/>\n<meta property=\"og:url\" content=\"https:\/\/www.viva-la-vida.eu\/index.php\/aktuelles\/\" \/>\n<meta property=\"og:site_name\" content=\"Virginia Reiner\" \/>\n<meta property=\"article:publisher\" content=\"https:\/\/www.instagram.com\/creative_coaching_reiner\/\" \/>\n<meta property=\"article:modified_time\" content=\"2025-02-09T09:30:26+00:00\" \/>\n<meta name=\"twitter:card\" content=\"summary_large_image\" \/>\n<meta name=\"twitter:label1\" content=\"Gesch\u00e4tzte Lesezeit\" \/>\n\t<meta name=\"twitter:data1\" content=\"1\u00a0Minute\" \/>\n<script type=\"application\/ld+json\" class=\"yoast-schema-graph\">{\"@context\":\"https:\/\/schema.org\",\"@graph\":[{\"@type\":\"WebPage\",\"@id\":\"https:\/\/www.viva-la-vida.eu\/index.php\/aktuelles\/\",\"url\":\"https:\/\/www.viva-la-vida.eu\/index.php\/aktuelles\/\",\"name\":\"Aktuelles - Virginia Reiner\",\"isPartOf\":{\"@id\":\"https:\/\/www.viva-la-vida.eu\/#website\"},\"datePublished\":\"2024-06-02T14:04:22+00:00\",\"dateModified\":\"2025-02-09T09:30:26+00:00\",\"description\":\"Virginia Reiner creative coaching mit Kunsttherapie f\u00fcr Stressreduktion, Resilienz und Verbesserung der Lebensqualit\u00e4t. Begleiten Sie Ver\u00e4nderungen im pers\u00f6nlichen und beruflichen Bereich mit Kreativit\u00e4t in K\u00f6ln.\",\"breadcrumb\":{\"@id\":\"https:\/\/www.viva-la-vida.eu\/index.php\/aktuelles\/#breadcrumb\"},\"inLanguage\":\"de\",\"potentialAction\":[{\"@type\":\"ReadAction\",\"target\":[\"https:\/\/www.viva-la-vida.eu\/index.php\/aktuelles\/\"]}]},{\"@type\":\"BreadcrumbList\",\"@id\":\"https:\/\/www.viva-la-vida.eu\/index.php\/aktuelles\/#breadcrumb\",\"itemListElement\":[{\"@type\":\"ListItem\",\"position\":1,\"name\":\"Startseite\",\"item\":\"https:\/\/www.viva-la-vida.eu\/\"},{\"@type\":\"ListItem\",\"position\":2,\"name\":\"Aktuelles\"}]},{\"@type\":\"WebSite\",\"@id\":\"https:\/\/www.viva-la-vida.eu\/#website\",\"url\":\"https:\/\/www.viva-la-vida.eu\/\",\"name\":\"Virginia Reiner\",\"description\":\"creative coaching\",\"publisher\":{\"@id\":\"https:\/\/www.viva-la-vida.eu\/#organization\"},\"potentialAction\":[{\"@type\":\"SearchAction\",\"target\":{\"@type\":\"EntryPoint\",\"urlTemplate\":\"https:\/\/www.viva-la-vida.eu\/?s={search_term_string}\"},\"query-input\":{\"@type\":\"PropertyValueSpecification\",\"valueRequired\":true,\"valueName\":\"search_term_string\"}}],\"inLanguage\":\"de\"},{\"@type\":\"Organization\",\"@id\":\"https:\/\/www.viva-la-vida.eu\/#organization\",\"name\":\"Virginia Reiner\",\"url\":\"https:\/\/www.viva-la-vida.eu\/\",\"logo\":{\"@type\":\"ImageObject\",\"inLanguage\":\"de\",\"@id\":\"https:\/\/www.viva-la-vida.eu\/#\/schema\/logo\/image\/\",\"url\":\"https:\/\/www.viva-la-vida.eu\/wp-content\/uploads\/2024\/05\/webicon.jpg\",\"contentUrl\":\"https:\/\/www.viva-la-vida.eu\/wp-content\/uploads\/2024\/05\/webicon.jpg\",\"width\":512,\"height\":512,\"caption\":\"Virginia Reiner\"},\"image\":{\"@id\":\"https:\/\/www.viva-la-vida.eu\/#\/schema\/logo\/image\/\"},\"sameAs\":[\"https:\/\/www.instagram.com\/creative_coaching_reiner\/\"]}]}<\/script>\n<!-- \/ Yoast SEO plugin. -->","yoast_head_json":{"title":"Aktuelles - Virginia Reiner","description":"Virginia Reiner creative coaching mit Kunsttherapie f\u00fcr Stressreduktion, Resilienz und Verbesserung der Lebensqualit\u00e4t. Begleiten Sie Ver\u00e4nderungen im pers\u00f6nlichen und beruflichen Bereich mit Kreativit\u00e4t in K\u00f6ln.","robots":{"index":"index","follow":"follow","max-snippet":"max-snippet:-1","max-image-preview":"max-image-preview:large","max-video-preview":"max-video-preview:-1"},"canonical":"https:\/\/www.viva-la-vida.eu\/index.php\/aktuelles\/","og_locale":"de_DE","og_type":"article","og_title":"Aktuelles - Virginia Reiner","og_description":"Virginia Reiner creative coaching mit Kunsttherapie f\u00fcr Stressreduktion, Resilienz und Verbesserung der Lebensqualit\u00e4t. Begleiten Sie Ver\u00e4nderungen im pers\u00f6nlichen und beruflichen Bereich mit Kreativit\u00e4t in K\u00f6ln.","og_url":"https:\/\/www.viva-la-vida.eu\/index.php\/aktuelles\/","og_site_name":"Virginia Reiner","article_publisher":"https:\/\/www.instagram.com\/creative_coaching_reiner\/","article_modified_time":"2025-02-09T09:30:26+00:00","twitter_card":"summary_large_image","twitter_misc":{"Gesch\u00e4tzte Lesezeit":"1\u00a0Minute"},"schema":{"@context":"https:\/\/schema.org","@graph":[{"@type":"WebPage","@id":"https:\/\/www.viva-la-vida.eu\/index.php\/aktuelles\/","url":"https:\/\/www.viva-la-vida.eu\/index.php\/aktuelles\/","name":"Aktuelles - Virginia Reiner","isPartOf":{"@id":"https:\/\/www.viva-la-vida.eu\/#website"},"datePublished":"2024-06-02T14:04:22+00:00","dateModified":"2025-02-09T09:30:26+00:00","description":"Virginia Reiner creative coaching mit Kunsttherapie f\u00fcr Stressreduktion, Resilienz und Verbesserung der Lebensqualit\u00e4t. Begleiten Sie Ver\u00e4nderungen im pers\u00f6nlichen und beruflichen Bereich mit Kreativit\u00e4t in K\u00f6ln.","breadcrumb":{"@id":"https:\/\/www.viva-la-vida.eu\/index.php\/aktuelles\/#breadcrumb"},"inLanguage":"de","potentialAction":[{"@type":"ReadAction","target":["https:\/\/www.viva-la-vida.eu\/index.php\/aktuelles\/"]}]},{"@type":"BreadcrumbList","@id":"https:\/\/www.viva-la-vida.eu\/index.php\/aktuelles\/#breadcrumb","itemListElement":[{"@type":"ListItem","position":1,"name":"Startseite","item":"https:\/\/www.viva-la-vida.eu\/"},{"@type":"ListItem","position":2,"name":"Aktuelles"}]},{"@type":"WebSite","@id":"https:\/\/www.viva-la-vida.eu\/#website","url":"https:\/\/www.viva-la-vida.eu\/","name":"Virginia Reiner","description":"creative coaching","publisher":{"@id":"https:\/\/www.viva-la-vida.eu\/#organization"},"potentialAction":[{"@type":"SearchAction","target":{"@type":"EntryPoint","urlTemplate":"https:\/\/www.viva-la-vida.eu\/?s={search_term_string}"},"query-input":{"@type":"PropertyValueSpecification","valueRequired":true,"valueName":"search_term_string"}}],"inLanguage":"de"},{"@type":"Organization","@id":"https:\/\/www.viva-la-vida.eu\/#organization","name":"Virginia Reiner","url":"https:\/\/www.viva-la-vida.eu\/","logo":{"@type":"ImageObject","inLanguage":"de","@id":"https:\/\/www.viva-la-vida.eu\/#\/schema\/logo\/image\/","url":"https:\/\/www.viva-la-vida.eu\/wp-content\/uploads\/2024\/05\/webicon.jpg","contentUrl":"https:\/\/www.viva-la-vida.eu\/wp-content\/uploads\/2024\/05\/webicon.jpg","width":512,"height":512,"caption":"Virginia Reiner"},"image":{"@id":"https:\/\/www.viva-la-vida.eu\/#\/schema\/logo\/image\/"},"sameAs":["https:\/\/www.instagram.com\/creative_coaching_reiner\/"]}]}},"_links":{"self":[{"href":"https:\/\/www.viva-la-vida.eu\/index.php\/wp-json\/wp\/v2\/pages\/292","targetHints":{"allow":["GET"]}}],"collection":[{"href":"https:\/\/www.viva-la-vida.eu\/index.php\/wp-json\/wp\/v2\/pages"}],"about":[{"href":"https:\/\/www.viva-la-vida.eu\/index.php\/wp-json\/wp\/v2\/types\/page"}],"author":[{"embeddable":true,"href":"https:\/\/www.viva-la-vida.eu\/index.php\/wp-json\/wp\/v2\/users\/1"}],"replies":[{"embeddable":true,"href":"https:\/\/www.viva-la-vida.eu\/index.php\/wp-json\/wp\/v2\/comments?post=292"}],"version-history":[{"count":3,"href":"https:\/\/www.viva-la-vida.eu\/index.php\/wp-json\/wp\/v2\/pages\/292\/revisions"}],"predecessor-version":[{"id":299,"href":"https:\/\/www.viva-la-vida.eu\/index.php\/wp-json\/wp\/v2\/pages\/292\/revisions\/299"}],"wp:attachment":[{"href":"https:\/\/www.viva-la-vida.eu\/index.php\/wp-json\/wp\/v2\/media?parent=292"}],"curies":[{"name":"wp","href":"https:\/\/api.w.org\/{rel}","templated":true}]}}